{"id":7908,"date":"2022-03-31T20:56:16","date_gmt":"2022-03-31T20:56:16","guid":{"rendered":"https:\/\/factory.grabo.com\/product\/slender-seal\/"},"modified":"2024-12-17T04:58:05","modified_gmt":"2024-12-17T04:58:05","slug":"slender-seal","status":"publish","type":"product","link":"https:\/\/order.grabo.com\/de\/product\/slender-seal\/","title":{"rendered":"GRABO Slender Seal"},"content":{"rendered":"<h1>Slender Seal<\/h1>\n<p>Slender Seal ist ein neues Dichtungssystem, das auf alle GRABO Modelle passt, einschlie\u00dflich Nemo GRABO, GRABO Pro lifter-20, RTC tools GRABO, FXAH-120 Probst GRABO, Topspin Powertools GRABO und andere Markenger\u00e4te.<\/p>\n<p>Zum Heben von Oberfl\u00e4chen mit einer l\u00e4ngeren, schmalen Fl\u00e4che - wie z.B. lange Fliesen - Pflastersteine - Rohre - zugeschnittene Tischplatten<\/p>\n<p>Maximale Hebekapazit\u00e4t: <strong>60 kg (132 lb)<\/strong><\/p>\n<p><iframe loading=\"lazy\" title=\"GRABO Slender Seal Introduction\" width=\"500\" height=\"281\" src=\"https:\/\/www.youtube.com\/embed\/xwLK5CZrrbo?feature=oembed\" frameborder=\"0\" allow=\"accelerometer; autoplay; clipboard-write; encrypted-media; gyroscope; picture-in-picture; web-share\" referrerpolicy=\"strict-origin-when-cross-origin\" allowfullscreen><\/iframe><\/p>\n<p>&nbsp;<\/p>\n<h3 id=\"headline-134-779\" class=\"ct-headline\" style=\"text-align: left;\">GRABO Slender seal Spezifikationen:<\/h3>\n<div id=\"_rich_text-135-779\" class=\"oxy-rich-text table-spec\" style=\"text-align: left;\">\n<table class=\"table-spec\">\n<tbody>\n<tr>\n<th colspan=\"2\">Schwarze Schaumstoffdichtung<\/th>\n<\/tr>\n<tr>\n<th>Material<\/th>\n<td>SBR rubber foam sponge<\/td>\n<\/tr>\n<tr>\n<th>Farbe<\/th>\n<td>Black<\/td>\n<\/tr>\n<tr>\n<th>L x W x H<\/th>\n<td>16.2 x 6.9 x 1.24\u201d (411 x 175 x 31.5 mm)<\/td>\n<\/tr>\n<tr>\n<th>Abmessungen der Dichtung<\/th>\n<td>371 x 65 mm<\/td>\n<\/tr>\n<tr>\n<th>Dichte<\/th>\n<td>10.6 Lb\/cft (170 kg\/m^3)<\/td>\n<\/tr>\n<tr>\n<th>H\u00e4rte, Shore C<\/th>\n<td>~10 +\/-2<\/td>\n<\/tr>\n<tr>\n<th>Rei\u00dfender Druck<\/th>\n<td>1800 Psi (126 kg\/cm^2)<\/td>\n<\/tr>\n<tr>\n<th>Komprimierung auf 25% Gr\u00f6\u00dfe bei<\/th>\n<td>8.5 Psi (6000 kg\/m^2)<\/td>\n<\/tr>\n<tr>\n<th>Lebensdauer (Komprimierung bis Leistungsminderung).<\/th>\n<td>~900<\/td>\n<\/tr>\n<tr>\n<th>Wasserabsorption, %<\/th>\n<td>&lt;=5<\/td>\n<\/tr>\n<tr>\n<th>Schrumpfung bei 160F (70C) f\u00fcr 24 Stunden, %.<\/th>\n<td>&lt;=20<\/td>\n<\/tr>\n<tr>\n<th>Empfohlene Lagertemperatur<\/th>\n<td>Room temperature<\/td>\n<\/tr>\n<tr>\n<th colspan=\"2\">Rotes Siegel<\/th>\n<\/tr>\n<tr>\n<th>Material<\/th>\n<td>Silicon Foam<\/td>\n<\/tr>\n<tr>\n<th>Farbe<\/th>\n<td>Red<\/td>\n<\/tr>\n<tr>\n<th>L x W x H<\/th>\n<td>16.2 x 6.9 x 1.24\u201d (411 x 175 x 31.5 mm)<\/td>\n<\/tr>\n<tr>\n<th>Dichte<\/th>\n<td>40.5 Lb\/cft (650 kg\/m^3)<\/td>\n<\/tr>\n<tr>\n<th>H\u00e4rte, Shore C<\/th>\n<td>55 +\/-5<\/td>\n<\/tr>\n<tr>\n<th>Wasserabsorption, %<\/th>\n<td>&lt;=4<\/td>\n<\/tr>\n<tr>\n<th>Empfohlene Lagertemperatur<\/th>\n<td>Raumtemperatur<\/td>\n<\/tr>\n<tr>\n<th colspan=\"2\">Volles Siegel<\/th>\n<\/tr>\n<tr>\n<th>Eigenschaften<\/th>\n<td>Kombinierte Dichtung auf Kunststoffrahmen Schlankes Profil<\/td>\n<\/tr>\n<\/tbody>\n<\/table>\n<\/div>\n<h3 id=\"headline-137-779\" class=\"ct-headline\" style=\"text-align: left;\">Tragf\u00e4higkeit:<\/h3>\n<div id=\"_rich_text-138-779\" class=\"oxy-rich-text table-spec\">\n<table class=\"table-lifting\">\n<thead>\n<tr>\n<th class=\"heading\" rowspan=\"2\"><img loading=\"lazy\" decoding=\"async\" class=\"aligncenter img-100\" src=\"https:\/\/cdn.grabo.com\/static\/uploads\/2021\/02\/Group-2.svg\" alt=\"\" width=\"150\" height=\"90\" \/><\/th>\n<th colspan=\"2\">Perpendicular Hold Z<\/th>\n<th colspan=\"2\">Parallel Hold Y<\/th>\n<th colspan=\"2\">Parallel Hold X<\/th>\n<\/tr>\n<tr>\n<th>Maximaler Wert<\/th>\n<th>Sicherer Wert\uff0850%)<\/th>\n<th>Maximaler Wert<\/th>\n<th>Sicherer Wert\uff0850%)<\/th>\n<th>Maximaler Wert<\/th>\n<th>Sicherer Wert\uff0850%)<\/th>\n<\/tr>\n<\/thead>\n<tbody>\n<tr>\n<th>Glas<\/th>\n<td>225 Lbs (100kg)<\/td>\n<td>110 Lbs (50kg)<\/td>\n<td>110 Lbs (50kg)<\/td>\n<td>55 Lbs (25kg)<\/td>\n<td>220 Lbs (100kg)<\/td>\n<td>110 Lbs (50kg)<\/td>\n<\/tr>\n<tr>\n<th>Metall<\/th>\n<td>145 Lbs (66kg)<\/td>\n<td>72.5 Lbs (33kg)<\/td>\n<td>110 Lbs (50kg)<\/td>\n<td>55 Lbs (25kg)<\/td>\n<td>220 Lbs (100kg)<\/td>\n<td>110 Lbs (50kg)<\/td>\n<\/tr>\n<tr>\n<th>Holz<\/th>\n<td>132 Lbs (60kg)<\/td>\n<td>66 Lbs (30kg)<\/td>\n<td>66 Lbs (30kg)<\/td>\n<td>33 Lbs (15kg)<\/td>\n<td>176 Lbs (80kg)<\/td>\n<td>88 Lbs (40kg)<\/td>\n<\/tr>\n<tr>\n<th style=\"text-align: left;\">Rauher Beton<\/th>\n<td style=\"text-align: left;\">105 Lbs (48kg)<\/td>\n<td style=\"text-align: left;\">52.5 Lbs (24kg)<\/td>\n<td style=\"text-align: left;\">110 Lbs (50kg)<\/td>\n<td style=\"text-align: left;\">33 Lbs (15 kg)<\/td>\n<td style=\"text-align: left;\">220 Lbs (100kg)<\/td>\n<td style=\"text-align: left;\">110 Lbs (50kg)<\/td>\n<\/tr>\n<\/tbody>\n<\/table>\n<\/div>\n","protected":false},"excerpt":{"rendered":"<p>Slenderseal ist ein vielseitiges Hebewerkzeug f\u00fcr Oberfl\u00e4chen mit einer l\u00e4ngeren, schmalen Fl\u00e4che, wie z. B. Fliesen, Pflastersteine, Rohre und zugeschnittene Tischplatten. Es ist sowohl f\u00fcr den Heimwerker als auch f\u00fcr den professionellen Einsatz geeignet und macht das Heben und Bewegen schwerer Materialien zum Kinderspiel. Mit seiner robusten Konstruktion und seinem innovativen Design ist der Slenderseal ein Muss f\u00fcr jede Baustelle oder jedes Renovierungsprojekt zu Hause.<\/p>\n","protected":false},"featured_media":20549,"comment_status":"open","ping_status":"closed","template":"","meta":{"_acf_changed":false},"product_brand":[],"product_cat":[179],"product_tag":[],"class_list":{"0":"post-7908","1":"product","2":"type-product","3":"status-publish","4":"has-post-thumbnail","6":"product_cat-accessories-de","8":"first","9":"instock","10":"taxable","11":"shipping-taxable","12":"purchasable","13":"product-type-simple"},"acf":[],"yoast_head":"<!-- This site is optimized with the Yoast SEO plugin v27.3 - https:\/\/yoast.com\/product\/yoast-seo-wordpress\/ -->\n<title>GRABO Slender Seal - GRABO Factory Shop<\/title>\n<meta name=\"description\" content=\"Slenderseal ist ein vielseitiges Hebewerkzeug f\u00fcr Oberfl\u00e4chen mit einer l\u00e4ngeren, schmalen Fl\u00e4che, wie z. B. Fliesen, Pflastersteine, Rohre und zugeschnittene Tischplatten. Es ist sowohl f\u00fcr den Heimwerker als auch f\u00fcr den professionellen Einsatz geeignet und macht das Heben und Bewegen schwerer Materialien zum Kinderspiel.\" \/>\n<meta name=\"robots\" content=\"index, follow, max-snippet:-1, max-image-preview:large, max-video-preview:-1\" \/>\n<link rel=\"canonical\" href=\"https:\/\/order.grabo.com\/de\/product\/slender-seal\/\" \/>\n<meta property=\"og:locale\" content=\"de_DE\" \/>\n<meta property=\"og:type\" content=\"article\" \/>\n<meta property=\"og:title\" content=\"GRABO Slender Seal - GRABO Factory Shop\" \/>\n<meta property=\"og:description\" content=\"Slenderseal ist ein vielseitiges Hebewerkzeug f\u00fcr Oberfl\u00e4chen mit einer l\u00e4ngeren, schmalen Fl\u00e4che, wie z. B. Fliesen, Pflastersteine, Rohre und zugeschnittene Tischplatten. Es ist sowohl f\u00fcr den Heimwerker als auch f\u00fcr den professionellen Einsatz geeignet und macht das Heben und Bewegen schwerer Materialien zum Kinderspiel.\" \/>\n<meta property=\"og:url\" content=\"https:\/\/order.grabo.com\/de\/product\/slender-seal\/\" \/>\n<meta property=\"og:site_name\" content=\"GRABO Factory Shop\" \/>\n<meta property=\"article:publisher\" content=\"https:\/\/www.facebook.com\/GRABO.tools\" \/>\n<meta property=\"article:modified_time\" content=\"2024-12-17T04:58:05+00:00\" \/>\n<meta property=\"og:image\" content=\"https:\/\/order.grabo.com\/wp-content\/uploads\/2022\/06\/Slender1.png\" \/>\n\t<meta property=\"og:image:width\" content=\"1500\" \/>\n\t<meta property=\"og:image:height\" content=\"1500\" \/>\n\t<meta property=\"og:image:type\" content=\"image\/png\" \/>\n<meta name=\"twitter:card\" content=\"summary_large_image\" \/>\n<meta name=\"twitter:site\" content=\"@grabotools\" \/>\n<meta name=\"twitter:label1\" content=\"Gesch\u00e4tzte Lesezeit\" \/>\n\t<meta name=\"twitter:data1\" content=\"2\u00a0Minuten\" \/>\n<script type=\"application\/ld+json\" class=\"yoast-schema-graph\">{\"@context\":\"https:\\\/\\\/schema.org\",\"@graph\":[{\"@type\":\"WebPage\",\"@id\":\"https:\\\/\\\/order.grabo.com\\\/de\\\/product\\\/slender-seal\\\/\",\"url\":\"https:\\\/\\\/order.grabo.com\\\/de\\\/product\\\/slender-seal\\\/\",\"name\":\"GRABO Slender Seal - GRABO Factory Shop\",\"isPartOf\":{\"@id\":\"https:\\\/\\\/order.grabo.com\\\/de\\\/#website\"},\"primaryImageOfPage\":{\"@id\":\"https:\\\/\\\/order.grabo.com\\\/de\\\/product\\\/slender-seal\\\/#primaryimage\"},\"image\":{\"@id\":\"https:\\\/\\\/order.grabo.com\\\/de\\\/product\\\/slender-seal\\\/#primaryimage\"},\"thumbnailUrl\":\"https:\\\/\\\/order.grabo.com\\\/wp-content\\\/uploads\\\/2022\\\/03\\\/thumbnail.png\",\"datePublished\":\"2022-03-31T20:56:16+00:00\",\"dateModified\":\"2024-12-17T04:58:05+00:00\",\"description\":\"Slenderseal ist ein vielseitiges Hebewerkzeug f\u00fcr Oberfl\u00e4chen mit einer l\u00e4ngeren, schmalen Fl\u00e4che, wie z. B. Fliesen, Pflastersteine, Rohre und zugeschnittene Tischplatten. Es ist sowohl f\u00fcr den Heimwerker als auch f\u00fcr den professionellen Einsatz geeignet und macht das Heben und Bewegen schwerer Materialien zum Kinderspiel.\",\"breadcrumb\":{\"@id\":\"https:\\\/\\\/order.grabo.com\\\/de\\\/product\\\/slender-seal\\\/#breadcrumb\"},\"inLanguage\":\"de\",\"potentialAction\":[{\"@type\":\"ReadAction\",\"target\":[\"https:\\\/\\\/order.grabo.com\\\/de\\\/product\\\/slender-seal\\\/\"]}]},{\"@type\":\"ImageObject\",\"inLanguage\":\"de\",\"@id\":\"https:\\\/\\\/order.grabo.com\\\/de\\\/product\\\/slender-seal\\\/#primaryimage\",\"url\":\"https:\\\/\\\/order.grabo.com\\\/wp-content\\\/uploads\\\/2022\\\/03\\\/thumbnail.png\",\"contentUrl\":\"https:\\\/\\\/order.grabo.com\\\/wp-content\\\/uploads\\\/2022\\\/03\\\/thumbnail.png\",\"width\":1500,\"height\":1500},{\"@type\":\"BreadcrumbList\",\"@id\":\"https:\\\/\\\/order.grabo.com\\\/de\\\/product\\\/slender-seal\\\/#breadcrumb\",\"itemListElement\":[{\"@type\":\"ListItem\",\"position\":1,\"name\":\"Home\",\"item\":\"https:\\\/\\\/order.grabo.com\\\/de\\\/\"},{\"@type\":\"ListItem\",\"position\":2,\"name\":\"GRABO Factory Shop\",\"item\":\"https:\\\/\\\/order.grabo.com\\\/\"},{\"@type\":\"ListItem\",\"position\":3,\"name\":\"GRABO Slender Seal\"}]},{\"@type\":\"WebSite\",\"@id\":\"https:\\\/\\\/order.grabo.com\\\/de\\\/#website\",\"url\":\"https:\\\/\\\/order.grabo.com\\\/de\\\/\",\"name\":\"GRABO Factory Shop\",\"description\":\"GRABO Factory Shop\",\"publisher\":{\"@id\":\"https:\\\/\\\/order.grabo.com\\\/de\\\/#organization\"},\"potentialAction\":[{\"@type\":\"SearchAction\",\"target\":{\"@type\":\"EntryPoint\",\"urlTemplate\":\"https:\\\/\\\/order.grabo.com\\\/de\\\/?s={search_term_string}\"},\"query-input\":{\"@type\":\"PropertyValueSpecification\",\"valueRequired\":true,\"valueName\":\"search_term_string\"}}],\"inLanguage\":\"de\"},{\"@type\":\"Organization\",\"@id\":\"https:\\\/\\\/order.grabo.com\\\/de\\\/#organization\",\"name\":\"GRABO\",\"url\":\"https:\\\/\\\/order.grabo.com\\\/de\\\/\",\"logo\":{\"@type\":\"ImageObject\",\"inLanguage\":\"de\",\"@id\":\"https:\\\/\\\/order.grabo.com\\\/de\\\/#\\\/schema\\\/logo\\\/image\\\/\",\"url\":\"https:\\\/\\\/order.grabo.com\\\/wp-content\\\/uploads\\\/2020\\\/12\\\/GRABO-Pro-1.jpeg\",\"contentUrl\":\"https:\\\/\\\/order.grabo.com\\\/wp-content\\\/uploads\\\/2020\\\/12\\\/GRABO-Pro-1.jpeg\",\"width\":1712,\"height\":1712,\"caption\":\"GRABO\"},\"image\":{\"@id\":\"https:\\\/\\\/order.grabo.com\\\/de\\\/#\\\/schema\\\/logo\\\/image\\\/\"},\"sameAs\":[\"https:\\\/\\\/www.facebook.com\\\/GRABO.tools\",\"https:\\\/\\\/x.com\\\/grabotools\",\"https:\\\/\\\/www.instagram.com\\\/grabo.tools\\\/?hl=en\"]}]}<\/script>\n<!-- \/ Yoast SEO plugin. -->","yoast_head_json":{"title":"GRABO Slender Seal - GRABO Factory Shop","description":"Slenderseal ist ein vielseitiges Hebewerkzeug f\u00fcr Oberfl\u00e4chen mit einer l\u00e4ngeren, schmalen Fl\u00e4che, wie z. B. Fliesen, Pflastersteine, Rohre und zugeschnittene Tischplatten. Es ist sowohl f\u00fcr den Heimwerker als auch f\u00fcr den professionellen Einsatz geeignet und macht das Heben und Bewegen schwerer Materialien zum Kinderspiel.","robots":{"index":"index","follow":"follow","max-snippet":"max-snippet:-1","max-image-preview":"max-image-preview:large","max-video-preview":"max-video-preview:-1"},"canonical":"https:\/\/order.grabo.com\/de\/product\/slender-seal\/","og_locale":"de_DE","og_type":"article","og_title":"GRABO Slender Seal - GRABO Factory Shop","og_description":"Slenderseal ist ein vielseitiges Hebewerkzeug f\u00fcr Oberfl\u00e4chen mit einer l\u00e4ngeren, schmalen Fl\u00e4che, wie z. B. Fliesen, Pflastersteine, Rohre und zugeschnittene Tischplatten. Es ist sowohl f\u00fcr den Heimwerker als auch f\u00fcr den professionellen Einsatz geeignet und macht das Heben und Bewegen schwerer Materialien zum Kinderspiel.","og_url":"https:\/\/order.grabo.com\/de\/product\/slender-seal\/","og_site_name":"GRABO Factory Shop","article_publisher":"https:\/\/www.facebook.com\/GRABO.tools","article_modified_time":"2024-12-17T04:58:05+00:00","og_image":[{"width":1500,"height":1500,"url":"https:\/\/order.grabo.com\/wp-content\/uploads\/2022\/06\/Slender1.png","type":"image\/png"}],"twitter_card":"summary_large_image","twitter_site":"@grabotools","twitter_misc":{"Gesch\u00e4tzte Lesezeit":"2\u00a0Minuten"},"schema":{"@context":"https:\/\/schema.org","@graph":[{"@type":"WebPage","@id":"https:\/\/order.grabo.com\/de\/product\/slender-seal\/","url":"https:\/\/order.grabo.com\/de\/product\/slender-seal\/","name":"GRABO Slender Seal - GRABO Factory Shop","isPartOf":{"@id":"https:\/\/order.grabo.com\/de\/#website"},"primaryImageOfPage":{"@id":"https:\/\/order.grabo.com\/de\/product\/slender-seal\/#primaryimage"},"image":{"@id":"https:\/\/order.grabo.com\/de\/product\/slender-seal\/#primaryimage"},"thumbnailUrl":"https:\/\/order.grabo.com\/wp-content\/uploads\/2022\/03\/thumbnail.png","datePublished":"2022-03-31T20:56:16+00:00","dateModified":"2024-12-17T04:58:05+00:00","description":"Slenderseal ist ein vielseitiges Hebewerkzeug f\u00fcr Oberfl\u00e4chen mit einer l\u00e4ngeren, schmalen Fl\u00e4che, wie z. B. Fliesen, Pflastersteine, Rohre und zugeschnittene Tischplatten. Es ist sowohl f\u00fcr den Heimwerker als auch f\u00fcr den professionellen Einsatz geeignet und macht das Heben und Bewegen schwerer Materialien zum Kinderspiel.","breadcrumb":{"@id":"https:\/\/order.grabo.com\/de\/product\/slender-seal\/#breadcrumb"},"inLanguage":"de","potentialAction":[{"@type":"ReadAction","target":["https:\/\/order.grabo.com\/de\/product\/slender-seal\/"]}]},{"@type":"ImageObject","inLanguage":"de","@id":"https:\/\/order.grabo.com\/de\/product\/slender-seal\/#primaryimage","url":"https:\/\/order.grabo.com\/wp-content\/uploads\/2022\/03\/thumbnail.png","contentUrl":"https:\/\/order.grabo.com\/wp-content\/uploads\/2022\/03\/thumbnail.png","width":1500,"height":1500},{"@type":"BreadcrumbList","@id":"https:\/\/order.grabo.com\/de\/product\/slender-seal\/#breadcrumb","itemListElement":[{"@type":"ListItem","position":1,"name":"Home","item":"https:\/\/order.grabo.com\/de\/"},{"@type":"ListItem","position":2,"name":"GRABO Factory Shop","item":"https:\/\/order.grabo.com\/"},{"@type":"ListItem","position":3,"name":"GRABO Slender Seal"}]},{"@type":"WebSite","@id":"https:\/\/order.grabo.com\/de\/#website","url":"https:\/\/order.grabo.com\/de\/","name":"GRABO Factory Shop","description":"GRABO Factory Shop","publisher":{"@id":"https:\/\/order.grabo.com\/de\/#organization"},"potentialAction":[{"@type":"SearchAction","target":{"@type":"EntryPoint","urlTemplate":"https:\/\/order.grabo.com\/de\/?s={search_term_string}"},"query-input":{"@type":"PropertyValueSpecification","valueRequired":true,"valueName":"search_term_string"}}],"inLanguage":"de"},{"@type":"Organization","@id":"https:\/\/order.grabo.com\/de\/#organization","name":"GRABO","url":"https:\/\/order.grabo.com\/de\/","logo":{"@type":"ImageObject","inLanguage":"de","@id":"https:\/\/order.grabo.com\/de\/#\/schema\/logo\/image\/","url":"https:\/\/order.grabo.com\/wp-content\/uploads\/2020\/12\/GRABO-Pro-1.jpeg","contentUrl":"https:\/\/order.grabo.com\/wp-content\/uploads\/2020\/12\/GRABO-Pro-1.jpeg","width":1712,"height":1712,"caption":"GRABO"},"image":{"@id":"https:\/\/order.grabo.com\/de\/#\/schema\/logo\/image\/"},"sameAs":["https:\/\/www.facebook.com\/GRABO.tools","https:\/\/x.com\/grabotools","https:\/\/www.instagram.com\/grabo.tools\/?hl=en"]}]}},"_links":{"self":[{"href":"https:\/\/order.grabo.com\/de\/wp-json\/wp\/v2\/product\/7908","targetHints":{"allow":["GET"]}}],"collection":[{"href":"https:\/\/order.grabo.com\/de\/wp-json\/wp\/v2\/product"}],"about":[{"href":"https:\/\/order.grabo.com\/de\/wp-json\/wp\/v2\/types\/product"}],"replies":[{"embeddable":true,"href":"https:\/\/order.grabo.com\/de\/wp-json\/wp\/v2\/comments?post=7908"}],"wp:featuredmedia":[{"embeddable":true,"href":"https:\/\/order.grabo.com\/de\/wp-json\/wp\/v2\/media\/20549"}],"wp:attachment":[{"href":"https:\/\/order.grabo.com\/de\/wp-json\/wp\/v2\/media?parent=7908"}],"wp:term":[{"taxonomy":"product_brand","embeddable":true,"href":"https:\/\/order.grabo.com\/de\/wp-json\/wp\/v2\/product_brand?post=7908"},{"taxonomy":"product_cat","embeddable":true,"href":"https:\/\/order.grabo.com\/de\/wp-json\/wp\/v2\/product_cat?post=7908"},{"taxonomy":"product_tag","embeddable":true,"href":"https:\/\/order.grabo.com\/de\/wp-json\/wp\/v2\/product_tag?post=7908"}],"curies":[{"name":"wp","href":"https:\/\/api.w.org\/{rel}","templated":true}]}}