{"id":7888,"date":"2022-12-15T19:54:02","date_gmt":"2022-12-15T19:54:02","guid":{"rendered":"https:\/\/factory.grabo.com\/product\/nemo-grabo-2-batteries-2-seals\/"},"modified":"2025-12-05T22:04:47","modified_gmt":"2025-12-05T22:04:47","slug":"nemo-grabo-2-batteries-2-seals","status":"publish","type":"product","link":"https:\/\/order.grabo.com\/de\/product\/nemo-grabo-2-batteries-2-seals\/","title":{"rendered":"Nemo GRABO 2 Batterien &#038; 2 Dichtungen"},"content":{"rendered":"<p>Der Nemo GRABO ist ein leistungsstarkes und vielseitiges Werkzeug zum Anheben jeder Oberfl\u00e4che. Dieses Produkt wird mit 2 Batterien und 2 Schaumstoffdichtungen geliefert, so dass Sie alles haben, was Sie brauchen, um die Arbeit zu erledigen. Die leistungsstarke Saugtechnologie des GRABO erm\u00f6glicht es Ihnen, schwere Gegenst\u00e4nde m\u00fchelos anzuheben und zu bewegen. Ob Sie nun M\u00f6bel, Ger\u00e4te oder schwere Ausr\u00fcstung bewegen, der Nemo GRABO ist das perfekte Werkzeug f\u00fcr diese Aufgabe. Lassen Sie sich durch schweres Heben nicht ausbremsen - holen Sie sich noch heute einen Nemo GRABO!<\/p>\n","protected":false},"excerpt":{"rendered":"<p>Der Bausatz enth\u00e4lt:<\/p>\n<ul>\n<li>GRABO Classic tragbarer elektrischer Vakuumheber mit analoger Druckanzeige<\/li>\n<li>Pumpleistung: 20 Liter pro Minute ergibt eine enorme Hebeleistung<\/li>\n<li>2 Akkus und ein Ladeger\u00e4t mit internationalen Adaptern<\/li>\n<li>1 Ersatzdichtung (insgesamt 2 Dichtungen)<\/li>\n<li>Robuste Nylontragetasche<\/li>\n<li>Ersatzfilter<\/li>\n<li>Englische Bedienungsanleitung und bunter Displaykarton<\/li>\n<\/ul>\n<p>https:\/\/youtu.be\/nDjQcFilZ_0<\/p>\n","protected":false},"featured_media":21122,"comment_status":"open","ping_status":"closed","template":"","meta":{"_acf_changed":false},"product_brand":[],"product_cat":[169],"product_tag":[],"class_list":{"0":"post-7888","1":"product","2":"type-product","3":"status-publish","4":"has-post-thumbnail","6":"product_cat-tools-de","7":"product_shipping_class-free-shipping-de","9":"first","10":"instock","11":"taxable","12":"shipping-taxable","13":"purchasable","14":"product-type-simple"},"acf":[],"yoast_head":"<!-- This site is optimized with the Yoast SEO plugin v27.3 - https:\/\/yoast.com\/product\/yoast-seo-wordpress\/ -->\n<title>Nemo GRABO 2 Batterien &amp; 2 Dichtungen - GRABO Factory Shop<\/title>\n<meta name=\"description\" content=\"Der ultimative GRABO Werkzeugsatz. Enth\u00e4lt zwei Batterien und zwei Schaumstoffdichtungen.\" \/>\n<meta name=\"robots\" content=\"index, follow, max-snippet:-1, max-image-preview:large, max-video-preview:-1\" \/>\n<link rel=\"canonical\" href=\"https:\/\/order.grabo.com\/de\/product\/nemo-grabo-2-batteries-2-seals\/\" \/>\n<meta property=\"og:locale\" content=\"de_DE\" \/>\n<meta property=\"og:type\" content=\"article\" \/>\n<meta property=\"og:title\" content=\"Nemo GRABO 2 Batterien &amp; 2 Dichtungen - GRABO Factory Shop\" \/>\n<meta property=\"og:description\" content=\"Der ultimative GRABO Werkzeugsatz. Enth\u00e4lt zwei Batterien und zwei Schaumstoffdichtungen.\" \/>\n<meta property=\"og:url\" content=\"https:\/\/order.grabo.com\/de\/product\/nemo-grabo-2-batteries-2-seals\/\" \/>\n<meta property=\"og:site_name\" content=\"GRABO Factory Shop\" \/>\n<meta property=\"article:publisher\" content=\"https:\/\/www.facebook.com\/GRABO.tools\" \/>\n<meta property=\"article:modified_time\" content=\"2025-12-05T22:04:47+00:00\" \/>\n<meta property=\"og:image\" content=\"https:\/\/order.grabo.com\/wp-content\/uploads\/2022\/12\/NemoGrabo_Old_2batteries_USA-1024x1024.png\" \/>\n\t<meta property=\"og:image:width\" content=\"1024\" \/>\n\t<meta property=\"og:image:height\" content=\"1024\" \/>\n\t<meta property=\"og:image:type\" content=\"image\/png\" \/>\n<meta name=\"twitter:card\" content=\"summary_large_image\" \/>\n<meta name=\"twitter:site\" content=\"@grabotools\" \/>\n<meta name=\"twitter:label1\" content=\"Gesch\u00e4tzte Lesezeit\" \/>\n\t<meta name=\"twitter:data1\" content=\"1\u00a0Minute\" \/>\n<script type=\"application\/ld+json\" class=\"yoast-schema-graph\">{\"@context\":\"https:\\\/\\\/schema.org\",\"@graph\":[{\"@type\":\"WebPage\",\"@id\":\"https:\\\/\\\/order.grabo.com\\\/de\\\/product\\\/nemo-grabo-2-batteries-2-seals\\\/\",\"url\":\"https:\\\/\\\/order.grabo.com\\\/de\\\/product\\\/nemo-grabo-2-batteries-2-seals\\\/\",\"name\":\"Nemo GRABO 2 Batterien & 2 Dichtungen - GRABO Factory Shop\",\"isPartOf\":{\"@id\":\"https:\\\/\\\/order.grabo.com\\\/de\\\/#website\"},\"primaryImageOfPage\":{\"@id\":\"https:\\\/\\\/order.grabo.com\\\/de\\\/product\\\/nemo-grabo-2-batteries-2-seals\\\/#primaryimage\"},\"image\":{\"@id\":\"https:\\\/\\\/order.grabo.com\\\/de\\\/product\\\/nemo-grabo-2-batteries-2-seals\\\/#primaryimage\"},\"thumbnailUrl\":\"https:\\\/\\\/order.grabo.com\\\/wp-content\\\/uploads\\\/2022\\\/12\\\/NemoGrabo_Old_2batteries_USA.png\",\"datePublished\":\"2022-12-15T19:54:02+00:00\",\"dateModified\":\"2025-12-05T22:04:47+00:00\",\"description\":\"Der ultimative GRABO Werkzeugsatz. Enth\u00e4lt zwei Batterien und zwei Schaumstoffdichtungen.\",\"breadcrumb\":{\"@id\":\"https:\\\/\\\/order.grabo.com\\\/de\\\/product\\\/nemo-grabo-2-batteries-2-seals\\\/#breadcrumb\"},\"inLanguage\":\"de\",\"potentialAction\":[{\"@type\":\"ReadAction\",\"target\":[\"https:\\\/\\\/order.grabo.com\\\/de\\\/product\\\/nemo-grabo-2-batteries-2-seals\\\/\"]}]},{\"@type\":\"ImageObject\",\"inLanguage\":\"de\",\"@id\":\"https:\\\/\\\/order.grabo.com\\\/de\\\/product\\\/nemo-grabo-2-batteries-2-seals\\\/#primaryimage\",\"url\":\"https:\\\/\\\/order.grabo.com\\\/wp-content\\\/uploads\\\/2022\\\/12\\\/NemoGrabo_Old_2batteries_USA.png\",\"contentUrl\":\"https:\\\/\\\/order.grabo.com\\\/wp-content\\\/uploads\\\/2022\\\/12\\\/NemoGrabo_Old_2batteries_USA.png\",\"width\":1500,\"height\":1500},{\"@type\":\"BreadcrumbList\",\"@id\":\"https:\\\/\\\/order.grabo.com\\\/de\\\/product\\\/nemo-grabo-2-batteries-2-seals\\\/#breadcrumb\",\"itemListElement\":[{\"@type\":\"ListItem\",\"position\":1,\"name\":\"Home\",\"item\":\"https:\\\/\\\/order.grabo.com\\\/de\\\/\"},{\"@type\":\"ListItem\",\"position\":2,\"name\":\"GRABO Factory Shop\",\"item\":\"https:\\\/\\\/order.grabo.com\\\/\"},{\"@type\":\"ListItem\",\"position\":3,\"name\":\"Nemo GRABO 2 Batterien &#038; 2 Dichtungen\"}]},{\"@type\":\"WebSite\",\"@id\":\"https:\\\/\\\/order.grabo.com\\\/de\\\/#website\",\"url\":\"https:\\\/\\\/order.grabo.com\\\/de\\\/\",\"name\":\"GRABO Factory Shop\",\"description\":\"GRABO Factory Shop\",\"publisher\":{\"@id\":\"https:\\\/\\\/order.grabo.com\\\/de\\\/#organization\"},\"potentialAction\":[{\"@type\":\"SearchAction\",\"target\":{\"@type\":\"EntryPoint\",\"urlTemplate\":\"https:\\\/\\\/order.grabo.com\\\/de\\\/?s={search_term_string}\"},\"query-input\":{\"@type\":\"PropertyValueSpecification\",\"valueRequired\":true,\"valueName\":\"search_term_string\"}}],\"inLanguage\":\"de\"},{\"@type\":\"Organization\",\"@id\":\"https:\\\/\\\/order.grabo.com\\\/de\\\/#organization\",\"name\":\"GRABO\",\"url\":\"https:\\\/\\\/order.grabo.com\\\/de\\\/\",\"logo\":{\"@type\":\"ImageObject\",\"inLanguage\":\"de\",\"@id\":\"https:\\\/\\\/order.grabo.com\\\/de\\\/#\\\/schema\\\/logo\\\/image\\\/\",\"url\":\"https:\\\/\\\/order.grabo.com\\\/wp-content\\\/uploads\\\/2020\\\/12\\\/GRABO-Pro-1.jpeg\",\"contentUrl\":\"https:\\\/\\\/order.grabo.com\\\/wp-content\\\/uploads\\\/2020\\\/12\\\/GRABO-Pro-1.jpeg\",\"width\":1712,\"height\":1712,\"caption\":\"GRABO\"},\"image\":{\"@id\":\"https:\\\/\\\/order.grabo.com\\\/de\\\/#\\\/schema\\\/logo\\\/image\\\/\"},\"sameAs\":[\"https:\\\/\\\/www.facebook.com\\\/GRABO.tools\",\"https:\\\/\\\/x.com\\\/grabotools\",\"https:\\\/\\\/www.instagram.com\\\/grabo.tools\\\/?hl=en\"]}]}<\/script>\n<!-- \/ Yoast SEO plugin. -->","yoast_head_json":{"title":"Nemo GRABO 2 Batterien & 2 Dichtungen - GRABO Factory Shop","description":"Der ultimative GRABO Werkzeugsatz. Enth\u00e4lt zwei Batterien und zwei Schaumstoffdichtungen.","robots":{"index":"index","follow":"follow","max-snippet":"max-snippet:-1","max-image-preview":"max-image-preview:large","max-video-preview":"max-video-preview:-1"},"canonical":"https:\/\/order.grabo.com\/de\/product\/nemo-grabo-2-batteries-2-seals\/","og_locale":"de_DE","og_type":"article","og_title":"Nemo GRABO 2 Batterien & 2 Dichtungen - GRABO Factory Shop","og_description":"Der ultimative GRABO Werkzeugsatz. Enth\u00e4lt zwei Batterien und zwei Schaumstoffdichtungen.","og_url":"https:\/\/order.grabo.com\/de\/product\/nemo-grabo-2-batteries-2-seals\/","og_site_name":"GRABO Factory Shop","article_publisher":"https:\/\/www.facebook.com\/GRABO.tools","article_modified_time":"2025-12-05T22:04:47+00:00","og_image":[{"width":1024,"height":1024,"url":"https:\/\/order.grabo.com\/wp-content\/uploads\/2022\/12\/NemoGrabo_Old_2batteries_USA-1024x1024.png","type":"image\/png"}],"twitter_card":"summary_large_image","twitter_site":"@grabotools","twitter_misc":{"Gesch\u00e4tzte Lesezeit":"1\u00a0Minute"},"schema":{"@context":"https:\/\/schema.org","@graph":[{"@type":"WebPage","@id":"https:\/\/order.grabo.com\/de\/product\/nemo-grabo-2-batteries-2-seals\/","url":"https:\/\/order.grabo.com\/de\/product\/nemo-grabo-2-batteries-2-seals\/","name":"Nemo GRABO 2 Batterien & 2 Dichtungen - GRABO Factory Shop","isPartOf":{"@id":"https:\/\/order.grabo.com\/de\/#website"},"primaryImageOfPage":{"@id":"https:\/\/order.grabo.com\/de\/product\/nemo-grabo-2-batteries-2-seals\/#primaryimage"},"image":{"@id":"https:\/\/order.grabo.com\/de\/product\/nemo-grabo-2-batteries-2-seals\/#primaryimage"},"thumbnailUrl":"https:\/\/order.grabo.com\/wp-content\/uploads\/2022\/12\/NemoGrabo_Old_2batteries_USA.png","datePublished":"2022-12-15T19:54:02+00:00","dateModified":"2025-12-05T22:04:47+00:00","description":"Der ultimative GRABO Werkzeugsatz. Enth\u00e4lt zwei Batterien und zwei Schaumstoffdichtungen.","breadcrumb":{"@id":"https:\/\/order.grabo.com\/de\/product\/nemo-grabo-2-batteries-2-seals\/#breadcrumb"},"inLanguage":"de","potentialAction":[{"@type":"ReadAction","target":["https:\/\/order.grabo.com\/de\/product\/nemo-grabo-2-batteries-2-seals\/"]}]},{"@type":"ImageObject","inLanguage":"de","@id":"https:\/\/order.grabo.com\/de\/product\/nemo-grabo-2-batteries-2-seals\/#primaryimage","url":"https:\/\/order.grabo.com\/wp-content\/uploads\/2022\/12\/NemoGrabo_Old_2batteries_USA.png","contentUrl":"https:\/\/order.grabo.com\/wp-content\/uploads\/2022\/12\/NemoGrabo_Old_2batteries_USA.png","width":1500,"height":1500},{"@type":"BreadcrumbList","@id":"https:\/\/order.grabo.com\/de\/product\/nemo-grabo-2-batteries-2-seals\/#breadcrumb","itemListElement":[{"@type":"ListItem","position":1,"name":"Home","item":"https:\/\/order.grabo.com\/de\/"},{"@type":"ListItem","position":2,"name":"GRABO Factory Shop","item":"https:\/\/order.grabo.com\/"},{"@type":"ListItem","position":3,"name":"Nemo GRABO 2 Batterien &#038; 2 Dichtungen"}]},{"@type":"WebSite","@id":"https:\/\/order.grabo.com\/de\/#website","url":"https:\/\/order.grabo.com\/de\/","name":"GRABO Factory Shop","description":"GRABO Factory Shop","publisher":{"@id":"https:\/\/order.grabo.com\/de\/#organization"},"potentialAction":[{"@type":"SearchAction","target":{"@type":"EntryPoint","urlTemplate":"https:\/\/order.grabo.com\/de\/?s={search_term_string}"},"query-input":{"@type":"PropertyValueSpecification","valueRequired":true,"valueName":"search_term_string"}}],"inLanguage":"de"},{"@type":"Organization","@id":"https:\/\/order.grabo.com\/de\/#organization","name":"GRABO","url":"https:\/\/order.grabo.com\/de\/","logo":{"@type":"ImageObject","inLanguage":"de","@id":"https:\/\/order.grabo.com\/de\/#\/schema\/logo\/image\/","url":"https:\/\/order.grabo.com\/wp-content\/uploads\/2020\/12\/GRABO-Pro-1.jpeg","contentUrl":"https:\/\/order.grabo.com\/wp-content\/uploads\/2020\/12\/GRABO-Pro-1.jpeg","width":1712,"height":1712,"caption":"GRABO"},"image":{"@id":"https:\/\/order.grabo.com\/de\/#\/schema\/logo\/image\/"},"sameAs":["https:\/\/www.facebook.com\/GRABO.tools","https:\/\/x.com\/grabotools","https:\/\/www.instagram.com\/grabo.tools\/?hl=en"]}]}},"_links":{"self":[{"href":"https:\/\/order.grabo.com\/de\/wp-json\/wp\/v2\/product\/7888","targetHints":{"allow":["GET"]}}],"collection":[{"href":"https:\/\/order.grabo.com\/de\/wp-json\/wp\/v2\/product"}],"about":[{"href":"https:\/\/order.grabo.com\/de\/wp-json\/wp\/v2\/types\/product"}],"replies":[{"embeddable":true,"href":"https:\/\/order.grabo.com\/de\/wp-json\/wp\/v2\/comments?post=7888"}],"wp:featuredmedia":[{"embeddable":true,"href":"https:\/\/order.grabo.com\/de\/wp-json\/wp\/v2\/media\/21122"}],"wp:attachment":[{"href":"https:\/\/order.grabo.com\/de\/wp-json\/wp\/v2\/media?parent=7888"}],"wp:term":[{"taxonomy":"product_brand","embeddable":true,"href":"https:\/\/order.grabo.com\/de\/wp-json\/wp\/v2\/product_brand?post=7888"},{"taxonomy":"product_cat","embeddable":true,"href":"https:\/\/order.grabo.com\/de\/wp-json\/wp\/v2\/product_cat?post=7888"},{"taxonomy":"product_tag","embeddable":true,"href":"https:\/\/order.grabo.com\/de\/wp-json\/wp\/v2\/product_tag?post=7888"}],"curies":[{"name":"wp","href":"https:\/\/api.w.org\/{rel}","templated":true}]}}