{"id":7887,"date":"2023-02-16T02:34:34","date_gmt":"2023-02-16T02:34:34","guid":{"rendered":"https:\/\/factory.grabo.com\/product\/grabo-pro-2023-version-for-europe\/"},"modified":"2025-12-05T22:04:34","modified_gmt":"2025-12-05T22:04:34","slug":"grabo-pro-2023-version-for-europe","status":"publish","type":"product","link":"https:\/\/order.grabo.com\/de\/product\/grabo-pro-2023-version-for-europe\/","title":{"rendered":"GRABO PRO"},"content":{"rendered":"<p>Ein GRABO Pro Werkzeug mit einer intelligenten digitalen Druckanzeige, die sich bequem am Griff befindet und sowohl den Druck (PSI, Bar) als auch das Gewicht (Kg, Lb) anzeigt. GRABO Pro kommt mit einem eingebauten Drucksensor, der die Vakuumpumpe automatisch ein- und ausschaltet, um die gew\u00fcnschte Hebeleistung konstant zu halten. Die GRABO Pro Vakuumpumpe bewegt 20 Liter Luft pro Minute, was eine enorme Hebekapazit\u00e4t ergibt, und ist in der Lage, fast jede Oberfl\u00e4che mit einem Gewicht von bis zu 170 kg zu heben. Die patentierte Schaumgummidichtung, die mit dem GRABO Pro Werkzeug geliefert wird, ist stark und widerstandsf\u00e4hig gegen Abnutzung und kann bei Besch\u00e4digung leicht ersetzt werden. Sobald das Werkzeug aktiviert ist, wird die Dichtung in Sekundenschnelle erstellt und haftet fest auf fast jeder Oberfl\u00e4che, einschlie\u00dflich unebener und leicht por\u00f6ser Oberfl\u00e4chen. GRABO Pro ist mit vier Hebe\u00f6sen aus Stahl ausgestattet, die sich auf beiden Seiten des Werkzeuggriffs befinden. Dadurch kann das Ger\u00e4t mit Hebegurten und zus\u00e4tzlichem Befestigungszubeh\u00f6r verwendet werden.<\/p>\n<p>GRABO Pro wird mit einer vollen 12-monatigen Werksgarantie geliefert, die auf 18 Monate verl\u00e4ngert werden kann, wenn Sie Ihr Produkt auf unserer Website registrieren. Unser professioneller technischer Support mit Sitz in den USA steht Ihnen bei Problemen zur Verf\u00fcgung, die Sie uns bitte mitteilen. Wir sind hier, damit Sie weiterarbeiten k\u00f6nnen!<\/p>\n","protected":false},"excerpt":{"rendered":"<p>Tragbarer elektrischer Vakuumheber mit digitalem Manometer, das sich am Griff befindet und leicht ablesbar ist.<br \/>\nAutomatische Drucksensoren sorgen f\u00fcr ein konstantes Vakuum.<br \/>\nWiederaufladbare Batterien treiben einen Vakuumlifter an, der 170 kg heben kann.<\/p>\n<p>Der Bausatz enth\u00e4lt:<\/p>\n<ul>\n<li>GRABO Pro tragbarer elektrischer Vakuumheber mit digitalem Druckmesser<\/li>\n<li>Automatische Drucksensoren schalten die Pumpe ein und aus, um ein konstantes Vakuum zu gew\u00e4hrleisten.<\/li>\n<li>Pumpleistung: 20 Liter pro Minute ergibt eine enorme Hebeleistung<\/li>\n<li>1 Batterie und ein Batterieladeger\u00e4t mit internationalen Adaptern<\/li>\n<li>Schaumgummidichtung am Ger\u00e4t vorinstalliert<\/li>\n<li>Robuste Nylontragetasche<\/li>\n<li>Ersatzfilter<\/li>\n<li>Englisches Handbuch mit farbigem Displaykarton<\/li>\n<\/ul>\n<p>https:\/\/www.youtube.com\/watch?v=N5pcKCORwnA<\/p>\n","protected":false},"featured_media":9213,"comment_status":"open","ping_status":"closed","template":"","meta":{"_acf_changed":false},"product_brand":[],"product_cat":[169],"product_tag":[],"class_list":{"0":"post-7887","1":"product","2":"type-product","3":"status-publish","4":"has-post-thumbnail","6":"product_cat-tools-de","7":"product_shipping_class-free-shipping-de","9":"first","10":"instock","11":"taxable","12":"shipping-taxable","13":"purchasable","14":"product-type-simple"},"acf":[],"yoast_head":"<!-- This site is optimized with the Yoast SEO plugin v27.2 - https:\/\/yoast.com\/product\/yoast-seo-wordpress\/ -->\n<title>GRABO PRO - GRABO Factory Shop<\/title>\n<meta name=\"description\" content=\"Die neue 2023 verbesserte Version mit digitaler Anzeige - GRABO Pro ist mit einem intelligenten digitalen Drucksensor, einer Anzeige der maximalen Hubkraft und intelligenten Einstellungen f\u00fcr Gewicht und Druck ausgestattet.\" \/>\n<meta name=\"robots\" content=\"index, follow, max-snippet:-1, max-image-preview:large, max-video-preview:-1\" \/>\n<link rel=\"canonical\" href=\"https:\/\/order.grabo.com\/de\/product\/grabo-pro-2023-version-for-europe\/\" \/>\n<meta property=\"og:locale\" content=\"de_DE\" \/>\n<meta property=\"og:type\" content=\"article\" \/>\n<meta property=\"og:title\" content=\"GRABO PRO - GRABO Factory Shop\" \/>\n<meta property=\"og:description\" content=\"Die neue 2023 verbesserte Version mit digitaler Anzeige - GRABO Pro ist mit einem intelligenten digitalen Drucksensor, einer Anzeige der maximalen Hubkraft und intelligenten Einstellungen f\u00fcr Gewicht und Druck ausgestattet.\" \/>\n<meta property=\"og:url\" content=\"https:\/\/order.grabo.com\/de\/product\/grabo-pro-2023-version-for-europe\/\" \/>\n<meta property=\"og:site_name\" content=\"GRABO Factory Shop\" \/>\n<meta property=\"article:publisher\" content=\"https:\/\/www.facebook.com\/GRABO.tools\" \/>\n<meta property=\"article:modified_time\" content=\"2025-12-05T22:04:34+00:00\" \/>\n<meta property=\"og:image\" content=\"https:\/\/order.grabo.com\/wp-content\/uploads\/2023\/02\/GRABO-PRO_2021_120kg.905-1024x1024.png\" \/>\n\t<meta property=\"og:image:width\" content=\"1024\" \/>\n\t<meta property=\"og:image:height\" content=\"1024\" \/>\n\t<meta property=\"og:image:type\" content=\"image\/png\" \/>\n<meta name=\"twitter:card\" content=\"summary_large_image\" \/>\n<meta name=\"twitter:site\" content=\"@grabotools\" \/>\n<meta name=\"twitter:label1\" content=\"Gesch\u00e4tzte Lesezeit\" \/>\n\t<meta name=\"twitter:data1\" content=\"2\u00a0Minuten\" \/>\n<script type=\"application\/ld+json\" class=\"yoast-schema-graph\">{\"@context\":\"https:\/\/schema.org\",\"@graph\":[{\"@type\":\"WebPage\",\"@id\":\"https:\/\/order.grabo.com\/de\/product\/grabo-pro-2023-version-for-europe\/\",\"url\":\"https:\/\/order.grabo.com\/de\/product\/grabo-pro-2023-version-for-europe\/\",\"name\":\"GRABO PRO - GRABO Factory Shop\",\"isPartOf\":{\"@id\":\"https:\/\/order.grabo.com\/de\/#website\"},\"primaryImageOfPage\":{\"@id\":\"https:\/\/order.grabo.com\/de\/product\/grabo-pro-2023-version-for-europe\/#primaryimage\"},\"image\":{\"@id\":\"https:\/\/order.grabo.com\/de\/product\/grabo-pro-2023-version-for-europe\/#primaryimage\"},\"thumbnailUrl\":\"https:\/\/order.grabo.com\/wp-content\/uploads\/2023\/02\/GRABO-PRO_2021_120kg.905.png\",\"datePublished\":\"2023-02-16T02:34:34+00:00\",\"dateModified\":\"2025-12-05T22:04:34+00:00\",\"description\":\"Die neue 2023 verbesserte Version mit digitaler Anzeige - GRABO Pro ist mit einem intelligenten digitalen Drucksensor, einer Anzeige der maximalen Hubkraft und intelligenten Einstellungen f\u00fcr Gewicht und Druck ausgestattet.\",\"breadcrumb\":{\"@id\":\"https:\/\/order.grabo.com\/de\/product\/grabo-pro-2023-version-for-europe\/#breadcrumb\"},\"inLanguage\":\"de\",\"potentialAction\":[{\"@type\":\"ReadAction\",\"target\":[\"https:\/\/order.grabo.com\/de\/product\/grabo-pro-2023-version-for-europe\/\"]}]},{\"@type\":\"ImageObject\",\"inLanguage\":\"de\",\"@id\":\"https:\/\/order.grabo.com\/de\/product\/grabo-pro-2023-version-for-europe\/#primaryimage\",\"url\":\"https:\/\/order.grabo.com\/wp-content\/uploads\/2023\/02\/GRABO-PRO_2021_120kg.905.png\",\"contentUrl\":\"https:\/\/order.grabo.com\/wp-content\/uploads\/2023\/02\/GRABO-PRO_2021_120kg.905.png\",\"width\":3150,\"height\":3150},{\"@type\":\"BreadcrumbList\",\"@id\":\"https:\/\/order.grabo.com\/de\/product\/grabo-pro-2023-version-for-europe\/#breadcrumb\",\"itemListElement\":[{\"@type\":\"ListItem\",\"position\":1,\"name\":\"Home\",\"item\":\"https:\/\/order.grabo.com\/de\/\"},{\"@type\":\"ListItem\",\"position\":2,\"name\":\"GRABO Factory Shop\",\"item\":\"https:\/\/order.grabo.com\/\"},{\"@type\":\"ListItem\",\"position\":3,\"name\":\"GRABO PRO\"}]},{\"@type\":\"WebSite\",\"@id\":\"https:\/\/order.grabo.com\/de\/#website\",\"url\":\"https:\/\/order.grabo.com\/de\/\",\"name\":\"GRABO Factory Shop\",\"description\":\"GRABO Factory Shop\",\"publisher\":{\"@id\":\"https:\/\/order.grabo.com\/de\/#organization\"},\"potentialAction\":[{\"@type\":\"SearchAction\",\"target\":{\"@type\":\"EntryPoint\",\"urlTemplate\":\"https:\/\/order.grabo.com\/de\/?s={search_term_string}\"},\"query-input\":{\"@type\":\"PropertyValueSpecification\",\"valueRequired\":true,\"valueName\":\"search_term_string\"}}],\"inLanguage\":\"de\"},{\"@type\":\"Organization\",\"@id\":\"https:\/\/order.grabo.com\/de\/#organization\",\"name\":\"GRABO\",\"url\":\"https:\/\/order.grabo.com\/de\/\",\"logo\":{\"@type\":\"ImageObject\",\"inLanguage\":\"de\",\"@id\":\"https:\/\/order.grabo.com\/de\/#\/schema\/logo\/image\/\",\"url\":\"https:\/\/order.grabo.com\/wp-content\/uploads\/2020\/12\/GRABO-Pro-1.jpeg\",\"contentUrl\":\"https:\/\/order.grabo.com\/wp-content\/uploads\/2020\/12\/GRABO-Pro-1.jpeg\",\"width\":1712,\"height\":1712,\"caption\":\"GRABO\"},\"image\":{\"@id\":\"https:\/\/order.grabo.com\/de\/#\/schema\/logo\/image\/\"},\"sameAs\":[\"https:\/\/www.facebook.com\/GRABO.tools\",\"https:\/\/x.com\/grabotools\",\"https:\/\/www.instagram.com\/grabo.tools\/?hl=en\"]}]}<\/script>\n<!-- \/ Yoast SEO plugin. -->","yoast_head_json":{"title":"GRABO PRO - GRABO Factory Shop","description":"Die neue 2023 verbesserte Version mit digitaler Anzeige - GRABO Pro ist mit einem intelligenten digitalen Drucksensor, einer Anzeige der maximalen Hubkraft und intelligenten Einstellungen f\u00fcr Gewicht und Druck ausgestattet.","robots":{"index":"index","follow":"follow","max-snippet":"max-snippet:-1","max-image-preview":"max-image-preview:large","max-video-preview":"max-video-preview:-1"},"canonical":"https:\/\/order.grabo.com\/de\/product\/grabo-pro-2023-version-for-europe\/","og_locale":"de_DE","og_type":"article","og_title":"GRABO PRO - GRABO Factory Shop","og_description":"Die neue 2023 verbesserte Version mit digitaler Anzeige - GRABO Pro ist mit einem intelligenten digitalen Drucksensor, einer Anzeige der maximalen Hubkraft und intelligenten Einstellungen f\u00fcr Gewicht und Druck ausgestattet.","og_url":"https:\/\/order.grabo.com\/de\/product\/grabo-pro-2023-version-for-europe\/","og_site_name":"GRABO Factory Shop","article_publisher":"https:\/\/www.facebook.com\/GRABO.tools","article_modified_time":"2025-12-05T22:04:34+00:00","og_image":[{"width":1024,"height":1024,"url":"https:\/\/order.grabo.com\/wp-content\/uploads\/2023\/02\/GRABO-PRO_2021_120kg.905-1024x1024.png","type":"image\/png"}],"twitter_card":"summary_large_image","twitter_site":"@grabotools","twitter_misc":{"Gesch\u00e4tzte Lesezeit":"2\u00a0Minuten"},"schema":{"@context":"https:\/\/schema.org","@graph":[{"@type":"WebPage","@id":"https:\/\/order.grabo.com\/de\/product\/grabo-pro-2023-version-for-europe\/","url":"https:\/\/order.grabo.com\/de\/product\/grabo-pro-2023-version-for-europe\/","name":"GRABO PRO - GRABO Factory Shop","isPartOf":{"@id":"https:\/\/order.grabo.com\/de\/#website"},"primaryImageOfPage":{"@id":"https:\/\/order.grabo.com\/de\/product\/grabo-pro-2023-version-for-europe\/#primaryimage"},"image":{"@id":"https:\/\/order.grabo.com\/de\/product\/grabo-pro-2023-version-for-europe\/#primaryimage"},"thumbnailUrl":"https:\/\/order.grabo.com\/wp-content\/uploads\/2023\/02\/GRABO-PRO_2021_120kg.905.png","datePublished":"2023-02-16T02:34:34+00:00","dateModified":"2025-12-05T22:04:34+00:00","description":"Die neue 2023 verbesserte Version mit digitaler Anzeige - GRABO Pro ist mit einem intelligenten digitalen Drucksensor, einer Anzeige der maximalen Hubkraft und intelligenten Einstellungen f\u00fcr Gewicht und Druck ausgestattet.","breadcrumb":{"@id":"https:\/\/order.grabo.com\/de\/product\/grabo-pro-2023-version-for-europe\/#breadcrumb"},"inLanguage":"de","potentialAction":[{"@type":"ReadAction","target":["https:\/\/order.grabo.com\/de\/product\/grabo-pro-2023-version-for-europe\/"]}]},{"@type":"ImageObject","inLanguage":"de","@id":"https:\/\/order.grabo.com\/de\/product\/grabo-pro-2023-version-for-europe\/#primaryimage","url":"https:\/\/order.grabo.com\/wp-content\/uploads\/2023\/02\/GRABO-PRO_2021_120kg.905.png","contentUrl":"https:\/\/order.grabo.com\/wp-content\/uploads\/2023\/02\/GRABO-PRO_2021_120kg.905.png","width":3150,"height":3150},{"@type":"BreadcrumbList","@id":"https:\/\/order.grabo.com\/de\/product\/grabo-pro-2023-version-for-europe\/#breadcrumb","itemListElement":[{"@type":"ListItem","position":1,"name":"Home","item":"https:\/\/order.grabo.com\/de\/"},{"@type":"ListItem","position":2,"name":"GRABO Factory Shop","item":"https:\/\/order.grabo.com\/"},{"@type":"ListItem","position":3,"name":"GRABO PRO"}]},{"@type":"WebSite","@id":"https:\/\/order.grabo.com\/de\/#website","url":"https:\/\/order.grabo.com\/de\/","name":"GRABO Factory Shop","description":"GRABO Factory Shop","publisher":{"@id":"https:\/\/order.grabo.com\/de\/#organization"},"potentialAction":[{"@type":"SearchAction","target":{"@type":"EntryPoint","urlTemplate":"https:\/\/order.grabo.com\/de\/?s={search_term_string}"},"query-input":{"@type":"PropertyValueSpecification","valueRequired":true,"valueName":"search_term_string"}}],"inLanguage":"de"},{"@type":"Organization","@id":"https:\/\/order.grabo.com\/de\/#organization","name":"GRABO","url":"https:\/\/order.grabo.com\/de\/","logo":{"@type":"ImageObject","inLanguage":"de","@id":"https:\/\/order.grabo.com\/de\/#\/schema\/logo\/image\/","url":"https:\/\/order.grabo.com\/wp-content\/uploads\/2020\/12\/GRABO-Pro-1.jpeg","contentUrl":"https:\/\/order.grabo.com\/wp-content\/uploads\/2020\/12\/GRABO-Pro-1.jpeg","width":1712,"height":1712,"caption":"GRABO"},"image":{"@id":"https:\/\/order.grabo.com\/de\/#\/schema\/logo\/image\/"},"sameAs":["https:\/\/www.facebook.com\/GRABO.tools","https:\/\/x.com\/grabotools","https:\/\/www.instagram.com\/grabo.tools\/?hl=en"]}]}},"_links":{"self":[{"href":"https:\/\/order.grabo.com\/de\/wp-json\/wp\/v2\/product\/7887","targetHints":{"allow":["GET"]}}],"collection":[{"href":"https:\/\/order.grabo.com\/de\/wp-json\/wp\/v2\/product"}],"about":[{"href":"https:\/\/order.grabo.com\/de\/wp-json\/wp\/v2\/types\/product"}],"replies":[{"embeddable":true,"href":"https:\/\/order.grabo.com\/de\/wp-json\/wp\/v2\/comments?post=7887"}],"wp:featuredmedia":[{"embeddable":true,"href":"https:\/\/order.grabo.com\/de\/wp-json\/wp\/v2\/media\/9213"}],"wp:attachment":[{"href":"https:\/\/order.grabo.com\/de\/wp-json\/wp\/v2\/media?parent=7887"}],"wp:term":[{"taxonomy":"product_brand","embeddable":true,"href":"https:\/\/order.grabo.com\/de\/wp-json\/wp\/v2\/product_brand?post=7887"},{"taxonomy":"product_cat","embeddable":true,"href":"https:\/\/order.grabo.com\/de\/wp-json\/wp\/v2\/product_cat?post=7887"},{"taxonomy":"product_tag","embeddable":true,"href":"https:\/\/order.grabo.com\/de\/wp-json\/wp\/v2\/product_tag?post=7887"}],"curies":[{"name":"wp","href":"https:\/\/api.w.org\/{rel}","templated":true}]}}