{"id":7886,"date":"2023-02-16T02:35:48","date_gmt":"2023-02-16T02:35:48","guid":{"rendered":"https:\/\/factory.grabo.com\/product\/ottovac-eu\/"},"modified":"2025-12-05T22:04:30","modified_gmt":"2025-12-05T22:04:30","slug":"ottovac-eu","status":"publish","type":"product","link":"https:\/\/order.grabo.com\/de\/product\/ottovac-eu\/","title":{"rendered":"OTTOVAC"},"content":{"rendered":"<p>OTTOVAC ist ein tragbares elektrisches Vakuumhebeger\u00e4t zum Heben und Bewegen von Glas und anderen Materialien mit glatter, ebener und nicht por\u00f6ser Oberfl\u00e4che. Der OTTOVAC wird mit 4 AA-Batterien betrieben und verf\u00fcgt \u00fcber einen eingebauten Drucksensor mit automatischer Start\/Stopp-Funktion. Wenn der Unterdruck im Boden des Saugnapfes -55 kPa erreicht, stoppt die Pumpe automatisch nach einer<br \/>\nVerz\u00f6gerung von drei Sekunden. Wenn der Unterdruck unter -55 kPa f\u00e4llt, startet die Pumpe automatisch wieder und erreicht w\u00e4hrend des Betriebs den erforderlichen Druck.<\/p>\n","protected":false},"excerpt":{"rendered":"<p>OTTOVAC ist ein tragbares elektrisches Vakuumhebeger\u00e4t zum Heben und Bewegen von Glas und anderen Materialien mit glatter, ebener und nicht por\u00f6ser Oberfl\u00e4che.<\/p>\n<ul>\n<li aria-level=\"1\">Voll elektrisch, arbeitet mit 4-AA-Batterien; kein manuelles Pumpen erforderlich<\/li>\n<li aria-level=\"1\">Verl\u00e4sslichkeit und Sicherheit: Eingebauter Drucksensor mit automatischer Start\/Stopp-Funktion<\/li>\n<li aria-level=\"1\">Maximale Hebekapazit\u00e4t 200 kg (440 lbs)<\/li>\n<li aria-level=\"1\">Funktioniert auf strukturierten B\u00f6den<\/li>\n<li aria-level=\"1\">Rote\/gr\u00fcne LED-Kontrollleuchte f\u00fcr die Batterielebensdauer<\/li>\n<li aria-level=\"1\">Verl\u00e4sslichkeit: Sie m\u00fcssen sich nicht mehr damit herum\u00e4rgern, dass die Handsauger den Druck und die<\/li>\n<li aria-level=\"1\">Saugkraft verlieren. OTTOVAC nimmt Ihnen das R\u00e4tselraten ab<\/li>\n<\/ul>\n<p>https:\/\/youtu.be\/HEv4KsRn_EU<\/p>\n","protected":false},"featured_media":9508,"comment_status":"open","ping_status":"closed","template":"","meta":{"_acf_changed":false},"product_brand":[],"product_cat":[169],"product_tag":[],"class_list":{"0":"post-7886","1":"product","2":"type-product","3":"status-publish","4":"has-post-thumbnail","6":"product_cat-tools-de","8":"first","9":"instock","10":"taxable","11":"shipping-taxable","12":"purchasable","13":"product-type-simple"},"acf":[],"yoast_head":"<!-- This site is optimized with the Yoast SEO plugin v27.2 - https:\/\/yoast.com\/product\/yoast-seo-wordpress\/ -->\n<title>OTTOVAC - GRABO Factory Shop<\/title>\n<meta name=\"description\" content=\"OTTOVAC ist ein tragbares elektrisches Vakuumhebeger\u00e4t zum Heben und Bewegen von Glas und anderen Materialien mit glatter, ebener und nicht por\u00f6ser Oberfl\u00e4che. Der OTTOVAC wird mit 4 AA-Batterien betrieben und verf\u00fcgt \u00fcber einen eingebauten Drucksensor mit automatischer Start\/Stopp-Funktion. Wenn der Unterdruck im Boden des Saugnapfes -55 kPa erreicht, stoppt die Pumpe automatisch nach einer Verz\u00f6gerung von drei Sekunden. Wenn der Unterdruck unter -55 kPa f\u00e4llt, startet die Pumpe automatisch wieder und erreicht w\u00e4hrend des Betriebs den erforderlichen Druck.\" \/>\n<meta name=\"robots\" content=\"index, follow, max-snippet:-1, max-image-preview:large, max-video-preview:-1\" \/>\n<link rel=\"canonical\" href=\"https:\/\/order.grabo.com\/de\/product\/ottovac-eu\/\" \/>\n<meta property=\"og:locale\" content=\"de_DE\" \/>\n<meta property=\"og:type\" content=\"article\" \/>\n<meta property=\"og:title\" content=\"OTTOVAC - GRABO Factory Shop\" \/>\n<meta property=\"og:description\" content=\"OTTOVAC ist ein tragbares elektrisches Vakuumhebeger\u00e4t zum Heben und Bewegen von Glas und anderen Materialien mit glatter, ebener und nicht por\u00f6ser Oberfl\u00e4che. Der OTTOVAC wird mit 4 AA-Batterien betrieben und verf\u00fcgt \u00fcber einen eingebauten Drucksensor mit automatischer Start\/Stopp-Funktion. Wenn der Unterdruck im Boden des Saugnapfes -55 kPa erreicht, stoppt die Pumpe automatisch nach einer Verz\u00f6gerung von drei Sekunden. Wenn der Unterdruck unter -55 kPa f\u00e4llt, startet die Pumpe automatisch wieder und erreicht w\u00e4hrend des Betriebs den erforderlichen Druck.\" \/>\n<meta property=\"og:url\" content=\"https:\/\/order.grabo.com\/de\/product\/ottovac-eu\/\" \/>\n<meta property=\"og:site_name\" content=\"GRABO Factory Shop\" \/>\n<meta property=\"article:publisher\" content=\"https:\/\/www.facebook.com\/GRABO.tools\" \/>\n<meta property=\"article:modified_time\" content=\"2025-12-05T22:04:30+00:00\" \/>\n<meta property=\"og:image\" content=\"https:\/\/order.grabo.com\/wp-content\/uploads\/2023\/02\/Flat-lay-image-3-scaled.jpg\" \/>\n\t<meta property=\"og:image:width\" content=\"2560\" \/>\n\t<meta property=\"og:image:height\" content=\"2558\" \/>\n\t<meta property=\"og:image:type\" content=\"image\/jpeg\" \/>\n<meta name=\"twitter:card\" content=\"summary_large_image\" \/>\n<meta name=\"twitter:site\" content=\"@grabotools\" \/>\n<meta name=\"twitter:label1\" content=\"Gesch\u00e4tzte Lesezeit\" \/>\n\t<meta name=\"twitter:data1\" content=\"1\u00a0Minute\" \/>\n<script type=\"application\/ld+json\" class=\"yoast-schema-graph\">{\"@context\":\"https:\/\/schema.org\",\"@graph\":[{\"@type\":\"WebPage\",\"@id\":\"https:\/\/order.grabo.com\/de\/product\/ottovac-eu\/\",\"url\":\"https:\/\/order.grabo.com\/de\/product\/ottovac-eu\/\",\"name\":\"OTTOVAC - GRABO Factory Shop\",\"isPartOf\":{\"@id\":\"https:\/\/order.grabo.com\/de\/#website\"},\"primaryImageOfPage\":{\"@id\":\"https:\/\/order.grabo.com\/de\/product\/ottovac-eu\/#primaryimage\"},\"image\":{\"@id\":\"https:\/\/order.grabo.com\/de\/product\/ottovac-eu\/#primaryimage\"},\"thumbnailUrl\":\"https:\/\/order.grabo.com\/wp-content\/uploads\/2023\/02\/Flat-lay-image-3-scaled.jpg\",\"datePublished\":\"2023-02-16T02:35:48+00:00\",\"dateModified\":\"2025-12-05T22:04:30+00:00\",\"description\":\"OTTOVAC ist ein tragbares elektrisches Vakuumhebeger\u00e4t zum Heben und Bewegen von Glas und anderen Materialien mit glatter, ebener und nicht por\u00f6ser Oberfl\u00e4che. Der OTTOVAC wird mit 4 AA-Batterien betrieben und verf\u00fcgt \u00fcber einen eingebauten Drucksensor mit automatischer Start\/Stopp-Funktion. Wenn der Unterdruck im Boden des Saugnapfes -55 kPa erreicht, stoppt die Pumpe automatisch nach einer Verz\u00f6gerung von drei Sekunden. Wenn der Unterdruck unter -55 kPa f\u00e4llt, startet die Pumpe automatisch wieder und erreicht w\u00e4hrend des Betriebs den erforderlichen Druck.\",\"breadcrumb\":{\"@id\":\"https:\/\/order.grabo.com\/de\/product\/ottovac-eu\/#breadcrumb\"},\"inLanguage\":\"de\",\"potentialAction\":[{\"@type\":\"ReadAction\",\"target\":[\"https:\/\/order.grabo.com\/de\/product\/ottovac-eu\/\"]}]},{\"@type\":\"ImageObject\",\"inLanguage\":\"de\",\"@id\":\"https:\/\/order.grabo.com\/de\/product\/ottovac-eu\/#primaryimage\",\"url\":\"https:\/\/order.grabo.com\/wp-content\/uploads\/2023\/02\/Flat-lay-image-3-scaled.jpg\",\"contentUrl\":\"https:\/\/order.grabo.com\/wp-content\/uploads\/2023\/02\/Flat-lay-image-3-scaled.jpg\",\"width\":2560,\"height\":2558},{\"@type\":\"BreadcrumbList\",\"@id\":\"https:\/\/order.grabo.com\/de\/product\/ottovac-eu\/#breadcrumb\",\"itemListElement\":[{\"@type\":\"ListItem\",\"position\":1,\"name\":\"Home\",\"item\":\"https:\/\/order.grabo.com\/de\/\"},{\"@type\":\"ListItem\",\"position\":2,\"name\":\"GRABO Factory Shop\",\"item\":\"https:\/\/order.grabo.com\/\"},{\"@type\":\"ListItem\",\"position\":3,\"name\":\"OTTOVAC\"}]},{\"@type\":\"WebSite\",\"@id\":\"https:\/\/order.grabo.com\/de\/#website\",\"url\":\"https:\/\/order.grabo.com\/de\/\",\"name\":\"GRABO Factory Shop\",\"description\":\"GRABO Factory Shop\",\"publisher\":{\"@id\":\"https:\/\/order.grabo.com\/de\/#organization\"},\"potentialAction\":[{\"@type\":\"SearchAction\",\"target\":{\"@type\":\"EntryPoint\",\"urlTemplate\":\"https:\/\/order.grabo.com\/de\/?s={search_term_string}\"},\"query-input\":{\"@type\":\"PropertyValueSpecification\",\"valueRequired\":true,\"valueName\":\"search_term_string\"}}],\"inLanguage\":\"de\"},{\"@type\":\"Organization\",\"@id\":\"https:\/\/order.grabo.com\/de\/#organization\",\"name\":\"GRABO\",\"url\":\"https:\/\/order.grabo.com\/de\/\",\"logo\":{\"@type\":\"ImageObject\",\"inLanguage\":\"de\",\"@id\":\"https:\/\/order.grabo.com\/de\/#\/schema\/logo\/image\/\",\"url\":\"https:\/\/order.grabo.com\/wp-content\/uploads\/2020\/12\/GRABO-Pro-1.jpeg\",\"contentUrl\":\"https:\/\/order.grabo.com\/wp-content\/uploads\/2020\/12\/GRABO-Pro-1.jpeg\",\"width\":1712,\"height\":1712,\"caption\":\"GRABO\"},\"image\":{\"@id\":\"https:\/\/order.grabo.com\/de\/#\/schema\/logo\/image\/\"},\"sameAs\":[\"https:\/\/www.facebook.com\/GRABO.tools\",\"https:\/\/x.com\/grabotools\",\"https:\/\/www.instagram.com\/grabo.tools\/?hl=en\"]}]}<\/script>\n<!-- \/ Yoast SEO plugin. -->","yoast_head_json":{"title":"OTTOVAC - GRABO Factory Shop","description":"OTTOVAC ist ein tragbares elektrisches Vakuumhebeger\u00e4t zum Heben und Bewegen von Glas und anderen Materialien mit glatter, ebener und nicht por\u00f6ser Oberfl\u00e4che. Der OTTOVAC wird mit 4 AA-Batterien betrieben und verf\u00fcgt \u00fcber einen eingebauten Drucksensor mit automatischer Start\/Stopp-Funktion. Wenn der Unterdruck im Boden des Saugnapfes -55 kPa erreicht, stoppt die Pumpe automatisch nach einer Verz\u00f6gerung von drei Sekunden. Wenn der Unterdruck unter -55 kPa f\u00e4llt, startet die Pumpe automatisch wieder und erreicht w\u00e4hrend des Betriebs den erforderlichen Druck.","robots":{"index":"index","follow":"follow","max-snippet":"max-snippet:-1","max-image-preview":"max-image-preview:large","max-video-preview":"max-video-preview:-1"},"canonical":"https:\/\/order.grabo.com\/de\/product\/ottovac-eu\/","og_locale":"de_DE","og_type":"article","og_title":"OTTOVAC - GRABO Factory Shop","og_description":"OTTOVAC ist ein tragbares elektrisches Vakuumhebeger\u00e4t zum Heben und Bewegen von Glas und anderen Materialien mit glatter, ebener und nicht por\u00f6ser Oberfl\u00e4che. Der OTTOVAC wird mit 4 AA-Batterien betrieben und verf\u00fcgt \u00fcber einen eingebauten Drucksensor mit automatischer Start\/Stopp-Funktion. Wenn der Unterdruck im Boden des Saugnapfes -55 kPa erreicht, stoppt die Pumpe automatisch nach einer Verz\u00f6gerung von drei Sekunden. Wenn der Unterdruck unter -55 kPa f\u00e4llt, startet die Pumpe automatisch wieder und erreicht w\u00e4hrend des Betriebs den erforderlichen Druck.","og_url":"https:\/\/order.grabo.com\/de\/product\/ottovac-eu\/","og_site_name":"GRABO Factory Shop","article_publisher":"https:\/\/www.facebook.com\/GRABO.tools","article_modified_time":"2025-12-05T22:04:30+00:00","og_image":[{"width":2560,"height":2558,"url":"https:\/\/order.grabo.com\/wp-content\/uploads\/2023\/02\/Flat-lay-image-3-scaled.jpg","type":"image\/jpeg"}],"twitter_card":"summary_large_image","twitter_site":"@grabotools","twitter_misc":{"Gesch\u00e4tzte Lesezeit":"1\u00a0Minute"},"schema":{"@context":"https:\/\/schema.org","@graph":[{"@type":"WebPage","@id":"https:\/\/order.grabo.com\/de\/product\/ottovac-eu\/","url":"https:\/\/order.grabo.com\/de\/product\/ottovac-eu\/","name":"OTTOVAC - GRABO Factory Shop","isPartOf":{"@id":"https:\/\/order.grabo.com\/de\/#website"},"primaryImageOfPage":{"@id":"https:\/\/order.grabo.com\/de\/product\/ottovac-eu\/#primaryimage"},"image":{"@id":"https:\/\/order.grabo.com\/de\/product\/ottovac-eu\/#primaryimage"},"thumbnailUrl":"https:\/\/order.grabo.com\/wp-content\/uploads\/2023\/02\/Flat-lay-image-3-scaled.jpg","datePublished":"2023-02-16T02:35:48+00:00","dateModified":"2025-12-05T22:04:30+00:00","description":"OTTOVAC ist ein tragbares elektrisches Vakuumhebeger\u00e4t zum Heben und Bewegen von Glas und anderen Materialien mit glatter, ebener und nicht por\u00f6ser Oberfl\u00e4che. Der OTTOVAC wird mit 4 AA-Batterien betrieben und verf\u00fcgt \u00fcber einen eingebauten Drucksensor mit automatischer Start\/Stopp-Funktion. Wenn der Unterdruck im Boden des Saugnapfes -55 kPa erreicht, stoppt die Pumpe automatisch nach einer Verz\u00f6gerung von drei Sekunden. Wenn der Unterdruck unter -55 kPa f\u00e4llt, startet die Pumpe automatisch wieder und erreicht w\u00e4hrend des Betriebs den erforderlichen Druck.","breadcrumb":{"@id":"https:\/\/order.grabo.com\/de\/product\/ottovac-eu\/#breadcrumb"},"inLanguage":"de","potentialAction":[{"@type":"ReadAction","target":["https:\/\/order.grabo.com\/de\/product\/ottovac-eu\/"]}]},{"@type":"ImageObject","inLanguage":"de","@id":"https:\/\/order.grabo.com\/de\/product\/ottovac-eu\/#primaryimage","url":"https:\/\/order.grabo.com\/wp-content\/uploads\/2023\/02\/Flat-lay-image-3-scaled.jpg","contentUrl":"https:\/\/order.grabo.com\/wp-content\/uploads\/2023\/02\/Flat-lay-image-3-scaled.jpg","width":2560,"height":2558},{"@type":"BreadcrumbList","@id":"https:\/\/order.grabo.com\/de\/product\/ottovac-eu\/#breadcrumb","itemListElement":[{"@type":"ListItem","position":1,"name":"Home","item":"https:\/\/order.grabo.com\/de\/"},{"@type":"ListItem","position":2,"name":"GRABO Factory Shop","item":"https:\/\/order.grabo.com\/"},{"@type":"ListItem","position":3,"name":"OTTOVAC"}]},{"@type":"WebSite","@id":"https:\/\/order.grabo.com\/de\/#website","url":"https:\/\/order.grabo.com\/de\/","name":"GRABO Factory Shop","description":"GRABO Factory Shop","publisher":{"@id":"https:\/\/order.grabo.com\/de\/#organization"},"potentialAction":[{"@type":"SearchAction","target":{"@type":"EntryPoint","urlTemplate":"https:\/\/order.grabo.com\/de\/?s={search_term_string}"},"query-input":{"@type":"PropertyValueSpecification","valueRequired":true,"valueName":"search_term_string"}}],"inLanguage":"de"},{"@type":"Organization","@id":"https:\/\/order.grabo.com\/de\/#organization","name":"GRABO","url":"https:\/\/order.grabo.com\/de\/","logo":{"@type":"ImageObject","inLanguage":"de","@id":"https:\/\/order.grabo.com\/de\/#\/schema\/logo\/image\/","url":"https:\/\/order.grabo.com\/wp-content\/uploads\/2020\/12\/GRABO-Pro-1.jpeg","contentUrl":"https:\/\/order.grabo.com\/wp-content\/uploads\/2020\/12\/GRABO-Pro-1.jpeg","width":1712,"height":1712,"caption":"GRABO"},"image":{"@id":"https:\/\/order.grabo.com\/de\/#\/schema\/logo\/image\/"},"sameAs":["https:\/\/www.facebook.com\/GRABO.tools","https:\/\/x.com\/grabotools","https:\/\/www.instagram.com\/grabo.tools\/?hl=en"]}]}},"_links":{"self":[{"href":"https:\/\/order.grabo.com\/de\/wp-json\/wp\/v2\/product\/7886","targetHints":{"allow":["GET"]}}],"collection":[{"href":"https:\/\/order.grabo.com\/de\/wp-json\/wp\/v2\/product"}],"about":[{"href":"https:\/\/order.grabo.com\/de\/wp-json\/wp\/v2\/types\/product"}],"replies":[{"embeddable":true,"href":"https:\/\/order.grabo.com\/de\/wp-json\/wp\/v2\/comments?post=7886"}],"wp:featuredmedia":[{"embeddable":true,"href":"https:\/\/order.grabo.com\/de\/wp-json\/wp\/v2\/media\/9508"}],"wp:attachment":[{"href":"https:\/\/order.grabo.com\/de\/wp-json\/wp\/v2\/media?parent=7886"}],"wp:term":[{"taxonomy":"product_brand","embeddable":true,"href":"https:\/\/order.grabo.com\/de\/wp-json\/wp\/v2\/product_brand?post=7886"},{"taxonomy":"product_cat","embeddable":true,"href":"https:\/\/order.grabo.com\/de\/wp-json\/wp\/v2\/product_cat?post=7886"},{"taxonomy":"product_tag","embeddable":true,"href":"https:\/\/order.grabo.com\/de\/wp-json\/wp\/v2\/product_tag?post=7886"}],"curies":[{"name":"wp","href":"https:\/\/api.w.org\/{rel}","templated":true}]}}